{"id":237,"date":"2024-02-04T17:22:08","date_gmt":"2024-02-04T16:22:08","guid":{"rendered":"http:\/\/agencja.studiobuffo.pl\/?page_id=237"},"modified":"2025-10-15T18:06:15","modified_gmt":"2025-10-15T16:06:15","slug":"mesmerize","status":"publish","type":"page","link":"https:\/\/agencja.studiobuffo.pl\/","title":{"rendered":"1"},"content":{"rendered":"<div  id=\"artysci\" class=\"team-2 content-section content-section-spacing\" style=\"background-color: #ffffff;\" data-label=\"Artysci\" data-id=\"team--1\" data-export-id=\"team-2\" data-category=\"team\">\n<div  class=\"gridContainer\">\n<div  class=\"row text-center\">\n<div  class=\"section-title-col\" data-type=\"column\">\n<p  class=\"lead\" data-lt-tmp-id=\"lt-6899\" data-gramm=\"false\"><span  style=\"color: #000000;\">Agencja aktorska przy Teatrze Studio Buffo reprezentuje wybrane dzieci, m\u0142odzie\u017c oraz doros\u0142ych aktor\u00f3w graj\u0105cych na deskach Teatru. <\/span>\n<span  style=\"color: #000000;\">Aktorzy w naszej agencji posiadaj\u0105 wszechstronne umiej\u0119tno\u015bci artystyczne, kt\u00f3re nieustannie doskonal\u0105 pod okiem wybitnych pedagog\u00f3w i tw\u00f3rc\u00f3w Teatru Studio Buffo \u2013 Janusza J\u00f3zefowicza<\/span>\n<span  style=\"color: #000000;\">i Janusza Stok\u0142osy.<\/span>\n<span  style=\"color: #000000;\">Nasz\u0105 misj\u0105 jest troska o adept\u00f3w, ich kariery i spos\u00f3b funkcjonowania w bran\u017cy audiowizualnej.<\/span>\n<span  style=\"color: #000000;\">Zapraszamy do zapoznania si\u0119 z naszymi aktorami.<\/span><\/p>\n\n<h2  class=\"\" data-lt-tmp-id=\"lt-145862\" data-gramm=\"false\"><span  style=\"color: #000000;\">Arty\u015bci<\/span><\/h2>\n<\/div>\n<\/div>\n<div  class=\"row spaced-cols content-center-sm\" data-type=\"row\">\n<div  class=\"col-sm-6 col-md-3\">\n<div  class=\"card y-move no-padding bordered\"><span  style=\"color: #000000;\"><a style=\"color: #000000;\" href=\"https:\/\/agencja.studiobuffo.pl?p=564\" target=\"_self\" rel=\"noopener\" data-cp-link=\"1\"><img decoding=\"async\"  class=\"face\" title=\"tosia\" src=\"https:\/\/agencja.studiobuffo.pl\/wp-content\/uploads\/2024\/02\/tosia.jpg\" alt=\"\"><\/a><\/span>\n<div  class=\"col-padding-small col-padding-small-xs description-container\" data-type=\"column\">\n<h4  class=\"font-500\" data-lt-tmp-id=\"lt-967335\" data-gramm=\"false\"><span  style=\"color: #000000;\">Antonina Goworek<\/span><\/h4>\n<div  class=\"social-icons-group\" data-type=\"group\"><\/div>\n<\/div>\n<\/div>\n<\/div>\n<div  class=\"col-sm-6 col-md-3\">\n<div  class=\"card y-move no-padding bordered\"><span  style=\"color: #000000;\"><a style=\"color: #000000;\" href=\"https:\/\/agencja.studiobuffo.pl?p=497\" target=\"_self\" rel=\"noopener\" data-cp-link=\"1\"><img decoding=\"async\"  class=\"face\" title=\"kalina\" src=\"https:\/\/agencja.studiobuffo.pl\/wp-content\/uploads\/2024\/02\/kalina.jpg\" alt=\"\"><\/a><\/span>\n<div  class=\"col-padding-small col-padding-small-xs description-container\" data-type=\"column\">\n<h4  class=\"font-500\" data-lt-tmp-id=\"lt-491105\" data-gramm=\"false\"><span  style=\"color: #000000;\">Kalina J\u00f3zefowicz<\/span><\/h4>\n<div  class=\"social-icons-group\" data-type=\"group\"><\/div>\n<\/div>\n<\/div>\n<\/div>\n<div  class=\"col-sm-6 col-md-3\">\n<div  class=\"card y-move no-padding bordered\"><span  style=\"color: #000000;\"><a style=\"color: #000000;\" href=\"https:\/\/agencja.studiobuffo.pl?p=547\" target=\"_self\" rel=\"noopener\" data-cp-link=\"1\"><img decoding=\"async\"  class=\"face\" title=\"julia\" src=\"https:\/\/agencja.studiobuffo.pl\/wp-content\/uploads\/2024\/02\/julia.jpg\" alt=\"\"><\/a><\/span>\n<div  class=\"col-padding-small col-padding-small-xs description-container\" data-type=\"column\">\n<h4  class=\"font-500\" data-lt-tmp-id=\"lt-297932\" data-gramm=\"false\"><span  style=\"color: #000000;\">Julia Ko\u0142odziejak<\/span><\/h4>\n<div  class=\"social-icons-group\" data-type=\"group\"><\/div>\n<\/div>\n<\/div>\n<\/div>\n<div  class=\"col-sm-6 col-md-3\">\n<div  class=\"card y-move no-padding bordered\"><span  style=\"color: #000000;\"><a style=\"color: #000000;\" href=\"https:\/\/agencja.studiobuffo.pl?p=550\" target=\"_self\" rel=\"noopener\" data-cp-link=\"1\"><img decoding=\"async\"  class=\"face\" title=\"janek\" src=\"https:\/\/agencja.studiobuffo.pl\/wp-content\/uploads\/2024\/02\/janek.jpg\" alt=\"\"><\/a><\/span>\n<div  class=\"col-padding-small col-padding-small-xs description-container\" data-type=\"column\">\n<h4  class=\"font-500\" data-lt-tmp-id=\"lt-792745\" data-gramm=\"false\"><span  style=\"color: #000000;\">Jan Kraska<\/span><\/h4>\n<div  class=\"social-icons-group\" data-type=\"group\"><\/div>\n<\/div>\n<\/div>\n<\/div>\n<div  class=\"col-sm-6 col-md-3\">\n<div  class=\"card y-move no-padding bordered\"><span  style=\"color: #000000;\"><a style=\"color: #000000;\" href=\"https:\/\/agencja.studiobuffo.pl?p=552\" target=\"_self\" rel=\"noopener\" data-cp-link=\"1\"><img decoding=\"async\"  class=\"face\" title=\"gustaw\" src=\"https:\/\/agencja.studiobuffo.pl\/wp-content\/uploads\/2024\/02\/gustaw.jpg\" alt=\"\"><\/a><\/span>\n<div  class=\"col-padding-small col-padding-small-xs description-container\" data-type=\"column\">\n<h4  class=\"font-500\" data-lt-tmp-id=\"lt-739968\" data-gramm=\"false\"><span  style=\"color: #000000;\">Gustaw Micho\u0144<\/span><\/h4>\n<div  class=\"social-icons-group\" data-type=\"group\"><\/div>\n<\/div>\n<\/div>\n<\/div>\n<div  class=\"col-sm-6 col-md-3\">\n<div  class=\"card y-move no-padding bordered\"><span  style=\"color: #000000;\"><a style=\"color: #000000;\" href=\"https:\/\/agencja.studiobuffo.pl?p=566\" target=\"_self\" rel=\"noopener\" data-cp-link=\"1\"><img decoding=\"async\"  class=\"face\" title=\"tadek\" src=\"https:\/\/agencja.studiobuffo.pl\/wp-content\/uploads\/2024\/02\/tadek.jpg\" alt=\"\"><\/a><\/span>\n<div  class=\"col-padding-small col-padding-small-xs description-container\" data-type=\"column\">\n<h4  class=\"font-500\" data-lt-tmp-id=\"lt-990907\" data-gramm=\"false\"><span  style=\"color: #000000;\">Tadeusz Micho\u0144<\/span><\/h4>\n<div  class=\"social-icons-group\" data-type=\"group\"><\/div>\n<\/div>\n<\/div>\n<\/div>\n<div  class=\"col-sm-6 col-md-3\">\n<div  class=\"card y-move no-padding bordered\"><span  style=\"color: #000000;\"><a style=\"color: #000000;\" href=\"https:\/\/agencja.studiobuffo.pl?p=574\" target=\"_self\" rel=\"noopener\" data-cp-link=\"1\"><img decoding=\"async\"  class=\"face\" title=\"olaf\" src=\"https:\/\/agencja.studiobuffo.pl\/wp-content\/uploads\/2024\/02\/olaf.jpg\" alt=\"\"><\/a><\/span>\n<div  class=\"col-padding-small col-padding-small-xs description-container\" data-type=\"column\">\n<h4  class=\"font-500\" data-lt-tmp-id=\"lt-380854\" data-gramm=\"false\"><span  style=\"color: #000000;\">Olaf M\u0142odzi\u0144ski<\/span><\/h4>\n<div  class=\"social-icons-group\" data-type=\"group\"><\/div>\n<\/div>\n<\/div>\n<\/div>\n<div  class=\"col-sm-6 col-md-3\">\n<div  class=\"card y-move no-padding bordered\"><span  style=\"color: #000000;\" data-lt-tmp-id=\"lt-273562\" data-gramm=\"false\"><a  href=\"https:\/\/agencja.studiobuffo.pl?p=987\"><img decoding=\"async\" loading=\"lazy\"  class=\"face alignnone\" title=\"adammodrzewskiphoto 300\" src=\"https:\/\/agencja.studiobuffo.pl\/wp-content\/uploads\/2025\/06\/adammodrzewskiphoto-300.jpg\" alt=\"Adam\" width=\"300\" height=\"300\"><\/a><\/span>\n<div  class=\"col-padding-small col-padding-small-xs description-container\" data-type=\"column\">\n<h4  class=\"font-500\" data-lt-tmp-id=\"lt-140270\" data-gramm=\"false\">Adam Modrzewski<\/h4>\n<div  class=\"social-icons-group\" data-type=\"group\"><\/div>\n<\/div>\n<\/div>\n<\/div>\n<div  class=\"col-sm-6 col-md-3\">\n<div  class=\"card y-move no-padding bordered\"><span  style=\"color: #000000;\"><a style=\"color: #000000;\" href=\"https:\/\/agencja.studiobuffo.pl?p=554\" target=\"_self\" rel=\"noopener\" data-cp-link=\"1\"><img decoding=\"async\"  class=\"face\" title=\"gabrysia\" src=\"https:\/\/agencja.studiobuffo.pl\/wp-content\/uploads\/2024\/02\/gabrysia.jpg\" alt=\"\"><\/a><\/span>\n<div  class=\"col-padding-small col-padding-small-xs description-container\" data-type=\"column\">\n<h4  class=\"font-500\" data-lt-tmp-id=\"lt-640628\" data-gramm=\"false\"><span  style=\"color: #000000;\">Gabriela Ogonowska<\/span><\/h4>\n<div  class=\"social-icons-group\" data-type=\"group\"><\/div>\n<\/div>\n<\/div>\n<\/div>\n<div  class=\"col-sm-6 col-md-3\">\n<div  class=\"card y-move no-padding bordered\"><span  style=\"color: #000000;\"><a style=\"color: #000000;\" href=\"https:\/\/agencja.studiobuffo.pl?p=556\" target=\"_self\" rel=\"noopener\" data-cp-link=\"1\"><img decoding=\"async\"  class=\"face\" title=\"gabrys\" src=\"https:\/\/agencja.studiobuffo.pl\/wp-content\/uploads\/2024\/02\/gabrys.jpg\" alt=\"\"><\/a><\/span>\n<div  class=\"col-padding-small col-padding-small-xs description-container\" data-type=\"column\">\n<h4  class=\"font-500\" data-lt-tmp-id=\"lt-487245\" data-gramm=\"false\"><span  style=\"color: #000000;\">Gabriel O\u0142tarzewski<\/span><\/h4>\n<div  class=\"social-icons-group\" data-type=\"group\"><\/div>\n<\/div>\n<\/div>\n<\/div>\n<div  class=\"col-sm-6 col-md-3\">\n<div  class=\"card y-move no-padding bordered\"><a  href=\"https:\/\/agencja.studiobuffo.pl?p=960\"><img decoding=\"async\" loading=\"lazy\"  class=\"alignnone size-large wp-image-952\" src=\"https:\/\/agencja.studiobuffo.pl\/wp-content\/uploads\/2024\/06\/mperalta-1024x1024.jpg\" sizes=\"(max-width: 1024px) 100vw, 1024px\" srcset=\"https:\/\/agencja.studiobuffo.pl\/wp-content\/uploads\/2024\/06\/mperalta-1024x1024.jpg 1024w, https:\/\/agencja.studiobuffo.pl\/wp-content\/uploads\/2024\/06\/mperalta-300x300.jpg 300w, https:\/\/agencja.studiobuffo.pl\/wp-content\/uploads\/2024\/06\/mperalta-150x150.jpg 150w, https:\/\/agencja.studiobuffo.pl\/wp-content\/uploads\/2024\/06\/mperalta-768x768.jpg 768w, https:\/\/agencja.studiobuffo.pl\/wp-content\/uploads\/2024\/06\/mperalta-1080x1080.jpg 1080w, https:\/\/agencja.studiobuffo.pl\/wp-content\/uploads\/2024\/06\/mperalta.jpg 1152w\" alt=\"\" width=\"1024\" height=\"1024\"><\/a>\n<div  class=\"col-padding-small col-padding-small-xs description-container\" data-type=\"column\">\n<h4  class=\"font-500\" data-lt-tmp-id=\"lt-974339\" data-gramm=\"false\">Massimiliano Peralta<\/h4>\n<div  class=\"social-icons-group\" data-type=\"group\"><\/div>\n<\/div>\n<\/div>\n<\/div>\n<div  class=\"col-sm-6 col-md-3\">\n<div  class=\"card y-move no-padding bordered\"><a  href=\"https:\/\/agencja.studiobuffo.pl?p=949\"><img decoding=\"async\" loading=\"lazy\"  class=\"alignnone size-large wp-image-950\" src=\"https:\/\/agencja.studiobuffo.pl\/wp-content\/uploads\/2024\/06\/fplatek-1024x1024.jpg\" sizes=\"(max-width: 1024px) 100vw, 1024px\" srcset=\"https:\/\/agencja.studiobuffo.pl\/wp-content\/uploads\/2024\/06\/fplatek-1024x1024.jpg 1024w, https:\/\/agencja.studiobuffo.pl\/wp-content\/uploads\/2024\/06\/fplatek-300x300.jpg 300w, https:\/\/agencja.studiobuffo.pl\/wp-content\/uploads\/2024\/06\/fplatek-150x150.jpg 150w, https:\/\/agencja.studiobuffo.pl\/wp-content\/uploads\/2024\/06\/fplatek-768x768.jpg 768w, https:\/\/agencja.studiobuffo.pl\/wp-content\/uploads\/2024\/06\/fplatek-1080x1080.jpg 1080w, https:\/\/agencja.studiobuffo.pl\/wp-content\/uploads\/2024\/06\/fplatek.jpg 1152w\" alt=\"\" width=\"1024\" height=\"1024\"><\/a>\n<div  class=\"col-padding-small col-padding-small-xs description-container\" data-type=\"column\">\n<h4  class=\"font-500\" data-lt-tmp-id=\"lt-450358\" data-gramm=\"false\">Franciszek P\u0142atek<\/h4>\n<div  class=\"social-icons-group\" data-type=\"group\"><\/div>\n<\/div>\n<\/div>\n<\/div>\n<div  class=\"col-sm-6 col-md-3\">\n<div  class=\"card y-move no-padding bordered\"><span  style=\"color: #000000;\"><a style=\"color: #000000;\" href=\"https:\/\/agencja.studiobuffo.pl?p=570\" target=\"_self\" rel=\"noopener\" data-cp-link=\"1\"><img decoding=\"async\"  class=\"face\" title=\"sofia\" src=\"https:\/\/agencja.studiobuffo.pl\/wp-content\/uploads\/2024\/02\/sofia.jpg\" alt=\"\"><\/a><\/span>\n<div  class=\"col-padding-small col-padding-small-xs description-container\" data-type=\"column\">\n<h4  class=\"font-500\" data-lt-tmp-id=\"lt-896943\" data-gramm=\"false\"><span  style=\"color: #000000;\">Sofia Polupanova<\/span><\/h4>\n<div  class=\"social-icons-group\" data-type=\"group\"><\/div>\n<\/div>\n<\/div>\n<\/div>\n<div  class=\"col-sm-6 col-md-3\">\n<div  class=\"card y-move no-padding bordered\"><span  style=\"color: #000000;\"><a style=\"color: #000000;\" href=\"https:\/\/agencja.studiobuffo.pl?p=558\" target=\"_self\" rel=\"noopener\" data-cp-link=\"1\"><img decoding=\"async\"  class=\"face\" title=\"filip\" src=\"https:\/\/agencja.studiobuffo.pl\/wp-content\/uploads\/2024\/02\/filip.jpg\" alt=\"\"><\/a><\/span>\n<div  class=\"col-padding-small col-padding-small-xs description-container\" data-type=\"column\">\n<h4  class=\"font-500\" data-lt-tmp-id=\"lt-707604\" data-gramm=\"false\"><span  style=\"color: #000000;\">Filip Rutkowski<\/span><\/h4>\n<div  class=\"social-icons-group\" data-type=\"group\"><\/div>\n<\/div>\n<\/div>\n<\/div>\n<div  class=\"col-sm-6 col-md-3\">\n<div  class=\"card y-move no-padding bordered\"><span  style=\"color: #000000;\"><a style=\"color: #000000;\" href=\"https:\/\/agencja.studiobuffo.pl?p=545\" target=\"_self\" rel=\"noopener\" data-cp-link=\"1\"><img decoding=\"async\"  class=\"face\" title=\"kubar\" src=\"https:\/\/agencja.studiobuffo.pl\/wp-content\/uploads\/2024\/02\/kubar.jpg\" alt=\"\"><\/a><\/span>\n<div  class=\"col-padding-small col-padding-small-xs description-container\" data-type=\"column\">\n<h4  class=\"font-500\" data-lt-tmp-id=\"lt-127733\" data-gramm=\"false\"><span  style=\"color: #000000;\">Jakub Rutkowski<\/span><\/h4>\n<div  class=\"social-icons-group\" data-type=\"group\"><\/div>\n<\/div>\n<\/div>\n<\/div>\n<div  class=\"col-sm-6 col-md-3\">\n<div  class=\"card y-move no-padding bordered\"><span  style=\"color: #000000;\"><a style=\"color: #000000;\" href=\"https:\/\/agencja.studiobuffo.pl?p=560\" target=\"_self\" rel=\"noopener\" data-cp-link=\"1\"><img decoding=\"async\"  class=\"face\" title=\"daniel\" src=\"https:\/\/agencja.studiobuffo.pl\/wp-content\/uploads\/2024\/02\/daniel.jpg\" alt=\"\"><\/a><\/span>\n<div  class=\"col-padding-small col-padding-small-xs description-container\" data-type=\"column\">\n<h4  class=\"font-500\" data-lt-tmp-id=\"lt-804100\" data-gramm=\"false\"><span  style=\"color: #000000;\">Daniel Soko\u0142<\/span><\/h4>\n<div  class=\"social-icons-group\" data-type=\"group\"><\/div>\n<\/div>\n<\/div>\n<\/div>\n<div  class=\"col-sm-6 col-md-3\">\n<div  class=\"card y-move no-padding bordered\"><span  style=\"color: #000000;\"><a style=\"color: #000000;\" href=\"https:\/\/agencja.studiobuffo.pl?p=562\" target=\"_self\" rel=\"noopener\" data-cp-link=\"1\"><img decoding=\"async\"  class=\"face\" title=\"amelka\" src=\"https:\/\/agencja.studiobuffo.pl\/wp-content\/uploads\/2024\/02\/amelka.jpg\" alt=\"\"><\/a><\/span>\n<div  class=\"col-padding-small col-padding-small-xs description-container\" data-type=\"column\">\n<h4  class=\"font-500\" data-lt-tmp-id=\"lt-336305\" data-gramm=\"false\"><span  style=\"color: #000000;\">Amelia Szymczyk<\/span><\/h4>\n<div  class=\"social-icons-group\" data-type=\"group\"><\/div>\n<\/div>\n<\/div>\n<\/div>\n<div  class=\"col-sm-6 col-md-3\">\n<div  class=\"card y-move no-padding bordered\"><a  href=\"https:\/\/agencja.studiobuffo.pl?p=972\"><img decoding=\"async\" loading=\"lazy\"  class=\"alignnone size-large wp-image-953\" src=\"https:\/\/agencja.studiobuffo.pl\/wp-content\/uploads\/2024\/06\/stokarski-1024x1024.jpg\" sizes=\"(max-width: 1024px) 100vw, 1024px\" srcset=\"https:\/\/agencja.studiobuffo.pl\/wp-content\/uploads\/2024\/06\/stokarski-1024x1024.jpg 1024w, https:\/\/agencja.studiobuffo.pl\/wp-content\/uploads\/2024\/06\/stokarski-300x300.jpg 300w, https:\/\/agencja.studiobuffo.pl\/wp-content\/uploads\/2024\/06\/stokarski-150x150.jpg 150w, https:\/\/agencja.studiobuffo.pl\/wp-content\/uploads\/2024\/06\/stokarski-768x768.jpg 768w, https:\/\/agencja.studiobuffo.pl\/wp-content\/uploads\/2024\/06\/stokarski-1080x1080.jpg 1080w, https:\/\/agencja.studiobuffo.pl\/wp-content\/uploads\/2024\/06\/stokarski.jpg 1152w\" alt=\"\" width=\"1024\" height=\"1024\"><\/a>\n<div  class=\"col-padding-small col-padding-small-xs description-container\" data-type=\"column\">\n<h4  class=\"font-500\" data-lt-tmp-id=\"lt-541380\" data-gramm=\"false\"><span  style=\"color: #000000;\">Szymon Tokarski<\/span><\/h4>\n<div  class=\"social-icons-group\" data-type=\"group\"><\/div>\n<\/div>\n<\/div>\n<\/div>\n<div  class=\"col-sm-6 col-md-3\">\n<div  class=\"card y-move no-padding bordered\"><span  style=\"color: #000000;\"><a style=\"color: #000000;\" href=\"https:\/\/agencja.studiobuffo.pl?p=543\" target=\"_self\" rel=\"noopener\" data-cp-link=\"1\"><img decoding=\"async\"  class=\"face\" title=\"maks\" src=\"https:\/\/agencja.studiobuffo.pl\/wp-content\/uploads\/2024\/02\/maks.jpg\" alt=\"\"><\/a><\/span>\n<div  class=\"col-padding-small col-padding-small-xs description-container\" data-type=\"column\">\n<h4  class=\"font-500\" data-lt-tmp-id=\"lt-720163\" data-gramm=\"false\"><span  style=\"color: #000000;\">Maksymilian Wi\u0119ckowski<\/span><\/h4>\n<div  class=\"social-icons-group\" data-type=\"group\"><\/div>\n<\/div>\n<\/div>\n<\/div>\n<div  class=\"col-sm-6 col-md-3\">\n<div  class=\"card y-move no-padding bordered\"><span  style=\"color: #000000;\"><a style=\"color: #000000;\" href=\"https:\/\/agencja.studiobuffo.pl?p=572\" target=\"_self\" rel=\"noopener\" data-cp-link=\"1\"><img decoding=\"async\"  class=\"face\" title=\"oliwia\" src=\"https:\/\/agencja.studiobuffo.pl\/wp-content\/uploads\/2024\/02\/oliwia.jpg\" alt=\"\"><\/a><\/span>\n<div  class=\"col-padding-small col-padding-small-xs description-container\" data-type=\"column\">\n<h4  class=\"font-500\" data-lt-tmp-id=\"lt-819628\" data-gramm=\"false\"><span  style=\"color: #000000;\">Olivia <\/span><span  style=\"color: #000000;\">Zyga<\/span><\/h4>\n<div  class=\"social-icons-group\" data-type=\"group\"><\/div>\n<\/div>\n<\/div>\n<\/div>\n<\/div>\n<\/div>\n<\/div>","protected":false},"excerpt":{"rendered":"<p>Agencja aktorska przy Teatrze Studio Buffo reprezentuje wybrane dzieci, m\u0142odzie\u017c oraz doros\u0142ych aktor\u00f3w graj\u0105cych na deskach Teatru. Aktorzy w naszej agencji posiadaj\u0105 wszechstronne umiej\u0119tno\u015bci artystyczne, kt\u00f3re nieustannie doskonal\u0105 pod okiem wybitnych pedagog\u00f3w i tw\u00f3rc\u00f3w Teatru Studio Buffo \u2013 Janusza J\u00f3zefowicza i Janusza Stok\u0142osy. Nasz\u0105 misj\u0105 jest troska o adept\u00f3w, ich kariery i spos\u00f3b funkcjonowania w&hellip; <br \/> <a class=\"read-more\" href=\"https:\/\/agencja.studiobuffo.pl\/\">Dowiedz si\u0119 wi\u0119cej<\/a><\/p>\n","protected":false},"author":1,"featured_media":0,"parent":0,"menu_order":0,"comment_status":"closed","ping_status":"closed","template":"page-templates\/homepage.php","meta":[],"_links":{"self":[{"href":"https:\/\/agencja.studiobuffo.pl\/index.php?rest_route=\/wp\/v2\/pages\/237"}],"collection":[{"href":"https:\/\/agencja.studiobuffo.pl\/index.php?rest_route=\/wp\/v2\/pages"}],"about":[{"href":"https:\/\/agencja.studiobuffo.pl\/index.php?rest_route=\/wp\/v2\/types\/page"}],"author":[{"embeddable":true,"href":"https:\/\/agencja.studiobuffo.pl\/index.php?rest_route=\/wp\/v2\/users\/1"}],"replies":[{"embeddable":true,"href":"https:\/\/agencja.studiobuffo.pl\/index.php?rest_route=%2Fwp%2Fv2%2Fcomments&post=237"}],"version-history":[{"count":109,"href":"https:\/\/agencja.studiobuffo.pl\/index.php?rest_route=\/wp\/v2\/pages\/237\/revisions"}],"predecessor-version":[{"id":1006,"href":"https:\/\/agencja.studiobuffo.pl\/index.php?rest_route=\/wp\/v2\/pages\/237\/revisions\/1006"}],"wp:attachment":[{"href":"https:\/\/agencja.studiobuffo.pl\/index.php?rest_route=%2Fwp%2Fv2%2Fmedia&parent=237"}],"curies":[{"name":"wp","href":"https:\/\/api.w.org\/{rel}","templated":true}]}}